{"id":107,"date":"2024-09-15T19:39:10","date_gmt":"2024-09-15T17:39:10","guid":{"rendered":"https:\/\/cereprog.fr\/?page_id=107"},"modified":"2024-09-19T10:09:02","modified_gmt":"2024-09-19T08:09:02","slug":"a-propos","status":"publish","type":"page","link":"https:\/\/cereprog.fr\/index.php\/a-propos\/","title":{"rendered":"A propos"},"content":{"rendered":"\n<h3 class=\"wp-block-heading\"><\/h3>\n\n\n\n<p>Bienvenue chez CeReprog, votre expert en reprogrammation moteur. Forts de plusieurs ann\u00e9es d&rsquo;exp\u00e9rience et passionn\u00e9s par la performance automobile, nous nous engageons \u00e0 offrir \u00e0 nos clients des solutions de reprogrammation moteur sur mesure, adapt\u00e9es \u00e0 leurs besoins et attentes.<\/p>\n\n\n\n<p>Chez CeReprog, nous croyons que chaque v\u00e9hicule m\u00e9rite d&rsquo;exprimer pleinement son potentiel. C&rsquo;est pourquoi nous utilisons les derni\u00e8res technologies et techniques de reprogrammation pour am\u00e9liorer les performances de votre moteur, que ce soit en termes de puissance, de couple ou d&rsquo;\u00e9conomie de carburant. Nos interventions respectent bien s\u00fbr les normes de s\u00e9curit\u00e9 et environnementales en vigueur.<\/p>\n\n\n\n<p>Notre \u00e9quipe est compos\u00e9e de techniciens sp\u00e9cialis\u00e9s, passionn\u00e9s par l&rsquo;automobile et form\u00e9s aux meilleures pratiques du secteur. Que vous soyez un passionn\u00e9 de sport automobile, un professionnel de la route ou simplement un conducteur souhaitant optimiser son v\u00e9hicule, nous sommes \u00e0 votre \u00e9coute pour vous proposer des services personnalis\u00e9s.<\/p>\n\n\n\n<p>Nous sommes fiers de la relation de confiance que nous avons b\u00e2tie avec nos clients. Votre satisfaction est notre priorit\u00e9, et nous nous effor\u00e7ons de fournir un service de qualit\u00e9, transparent et fiable, \u00e0 chaque \u00e9tape de votre projet.<\/p>\n\n\n\n<p>N&rsquo;h\u00e9sitez pas \u00e0 nous contacter pour en savoir plus sur nos services de reprogrammation moteur ou pour discuter de votre projet. Ensemble, faisons de votre v\u00e9hicule une machine encore plus performante !<\/p>\n","protected":false},"excerpt":{"rendered":"<p>Bienvenue chez CeReprog, votre expert en reprogrammation moteur. Forts de plusieurs ann\u00e9es d&rsquo;exp\u00e9rience et passionn\u00e9s par la performance automobile, nous nous engageons \u00e0 offrir \u00e0 nos clients des solutions de reprogrammation moteur sur mesure, adapt\u00e9es \u00e0 leurs besoins et attentes. Chez CeReprog, nous croyons que chaque v\u00e9hicule m\u00e9rite d&rsquo;exprimer pleinement son potentiel. C&rsquo;est pourquoi nous [&hellip;]<\/p>\n","protected":false},"author":2,"featured_media":0,"parent":0,"menu_order":0,"comment_status":"closed","ping_status":"closed","template":"","meta":{"inline_featured_image":false,"footnotes":""},"class_list":["post-107","page","type-page","status-publish","hentry"],"_links":{"self":[{"href":"https:\/\/cereprog.fr\/index.php\/wp-json\/wp\/v2\/pages\/107","targetHints":{"allow":["GET"]}}],"collection":[{"href":"https:\/\/cereprog.fr\/index.php\/wp-json\/wp\/v2\/pages"}],"about":[{"href":"https:\/\/cereprog.fr\/index.php\/wp-json\/wp\/v2\/types\/page"}],"author":[{"embeddable":true,"href":"https:\/\/cereprog.fr\/index.php\/wp-json\/wp\/v2\/users\/2"}],"replies":[{"embeddable":true,"href":"https:\/\/cereprog.fr\/index.php\/wp-json\/wp\/v2\/comments?post=107"}],"version-history":[{"count":3,"href":"https:\/\/cereprog.fr\/index.php\/wp-json\/wp\/v2\/pages\/107\/revisions"}],"predecessor-version":[{"id":171,"href":"https:\/\/cereprog.fr\/index.php\/wp-json\/wp\/v2\/pages\/107\/revisions\/171"}],"wp:attachment":[{"href":"https:\/\/cereprog.fr\/index.php\/wp-json\/wp\/v2\/media?parent=107"}],"curies":[{"name":"wp","href":"https:\/\/api.w.org\/{rel}","templated":true}]}}