{"id":111,"date":"2024-09-15T19:40:18","date_gmt":"2024-09-15T17:40:18","guid":{"rendered":"https:\/\/cereprog.fr\/?page_id=111"},"modified":"2024-09-25T21:20:13","modified_gmt":"2024-09-25T19:20:13","slug":"contact","status":"publish","type":"page","link":"https:\/\/cereprog.fr\/index.php\/contact\/","title":{"rendered":"Contact"},"content":{"rendered":"\n<figure class=\"wp-block-image size-large is-resized\"><img loading=\"lazy\" decoding=\"async\" width=\"1024\" height=\"1024\" src=\"https:\/\/cereprog.fr\/wp-content\/uploads\/2024\/09\/preview-1024x1024.jpg\" alt=\"\" class=\"wp-image-238\" style=\"width:161px;height:auto\" srcset=\"https:\/\/cereprog.fr\/wp-content\/uploads\/2024\/09\/preview-1024x1024.jpg 1024w, https:\/\/cereprog.fr\/wp-content\/uploads\/2024\/09\/preview-300x300.jpg 300w, https:\/\/cereprog.fr\/wp-content\/uploads\/2024\/09\/preview-100x100.jpg 100w, https:\/\/cereprog.fr\/wp-content\/uploads\/2024\/09\/preview-600x600.jpg 600w, https:\/\/cereprog.fr\/wp-content\/uploads\/2024\/09\/preview-150x150.jpg 150w, https:\/\/cereprog.fr\/wp-content\/uploads\/2024\/09\/preview-768x768.jpg 768w, https:\/\/cereprog.fr\/wp-content\/uploads\/2024\/09\/preview.jpg 1300w\" sizes=\"auto, (max-width: 1024px) 100vw, 1024px\" \/><\/figure>\n\n\n\n<h2 class=\"wp-block-heading\">0676737010<\/h2>\n\n\n\n<div class=\"forminator-guttenberg\"><div class=\"forminator-ui forminator-custom-form forminator-custom-form-150 forminator-design--bold  forminator_ajax\" data-forminator-render=\"0\" data-form=\"forminator-module-150\" data-uid=\"69dbdba946f63\"><br\/><\/div><form\n\t\t\t\tid=\"forminator-module-150\"\n\t\t\t\tclass=\"forminator-ui forminator-custom-form forminator-custom-form-150 forminator-design--bold  forminator_ajax\"\n\t\t\t\tmethod=\"post\"\n\t\t\t\tdata-forminator-render=\"0\"\n\t\t\t\tdata-form-id=\"150\"\n\t\t\t\t data-color-option=\"default\" data-design=\"bold\" data-grid=\"open\" style=\"display: none;\"\n\t\t\t\tdata-uid=\"69dbdba946f63\"\n\t\t\t><div role=\"alert\" aria-live=\"polite\" class=\"forminator-response-message forminator-error\" aria-hidden=\"true\"><\/div><div class=\"forminator-row\"><div id=\"name-1\" class=\"forminator-field-name forminator-col forminator-col-12 \"><div class=\"forminator-field\"><label for=\"forminator-field-name-1_69dbdba946f63\" id=\"forminator-field-name-1_69dbdba946f63-label\" class=\"forminator-label\">Pr\u00e9nom <span class=\"forminator-required\">*<\/span><\/label><input type=\"text\" name=\"name-1\" value=\"\" placeholder=\"Par exemple\u00a0: Jean\" id=\"forminator-field-name-1_69dbdba946f63\" class=\"forminator-input forminator-name--field\" aria-required=\"true\" autocomplete=\"name\" \/><\/div><\/div><\/div><div class=\"forminator-row\"><div id=\"email-1\" class=\"forminator-field-email forminator-col forminator-col-12 \"><div class=\"forminator-field\"><label for=\"forminator-field-email-1_69dbdba946f63\" id=\"forminator-field-email-1_69dbdba946f63-label\" class=\"forminator-label\">Adresse de messagerie <span class=\"forminator-required\">*<\/span><\/label><input type=\"email\" name=\"email-1\" value=\"\" placeholder=\"Par exemple\u00a0: jacques@martin.com\" id=\"forminator-field-email-1_69dbdba946f63\" class=\"forminator-input forminator-email--field\" data-required=\"true\" aria-required=\"true\" autocomplete=\"email\" \/><\/div><\/div><\/div><div class=\"forminator-row\"><div id=\"phone-1\" class=\"forminator-field-phone forminator-col forminator-col-12 \"><div class=\"forminator-field\"><label for=\"forminator-field-phone-1_69dbdba946f63\" id=\"forminator-field-phone-1_69dbdba946f63-label\" class=\"forminator-label\">Num\u00e9ro de t\u00e9l\u00e9phone<\/label><input type=\"text\" name=\"phone-1\" value=\"\" placeholder=\"Par exemple\u00a0: +1 02 03 04 05\" id=\"forminator-field-phone-1_69dbdba946f63\" class=\"forminator-input forminator-field--phone\" data-required=\"\" aria-required=\"false\" autocomplete=\"off\" \/><\/div><\/div><\/div><div class=\"forminator-row\"><div id=\"textarea-1\" class=\"forminator-field-textarea forminator-col forminator-col-12 \"><div class=\"forminator-field\"><label for=\"forminator-field-textarea-1_69dbdba946f63\" id=\"forminator-field-textarea-1_69dbdba946f63-label\" class=\"forminator-label\">Message<\/label><textarea name=\"textarea-1\" placeholder=\"Saisissez votre message\u2026\" id=\"forminator-field-textarea-1_69dbdba946f63\" class=\"forminator-textarea\" rows=\"6\" style=\"min-height:140px;\" maxlength=\"180\" ><\/textarea><span id=\"forminator-field-textarea-1_69dbdba946f63-description\" class=\"forminator-description\"><span data-limit=\"180\" data-type=\"characters\" data-editor=\"\">0 \/ 180<\/span><\/span><\/div><\/div><\/div><input type=\"hidden\" name=\"referer_url\" value=\"\" \/><div class=\"forminator-row forminator-row-last\"><div class=\"forminator-col\"><div class=\"forminator-field\"><button class=\"forminator-button forminator-button-submit\">Envoyer le message<\/button><\/div><\/div><\/div><input type=\"hidden\" id=\"forminator_nonce\" name=\"forminator_nonce\" value=\"edfcc58f96\" \/><input type=\"hidden\" name=\"_wp_http_referer\" value=\"\/index.php\/wp-json\/wp\/v2\/pages\/111\" \/><input type=\"hidden\" name=\"form_id\" value=\"150\"><input type=\"hidden\" name=\"page_id\" value=\"111\"><input type=\"hidden\" name=\"form_type\" value=\"default\"><input type=\"hidden\" name=\"current_url\" value=\"https:\/\/cereprog.fr\/index.php\/contact\/\"><input type=\"hidden\" name=\"render_id\" value=\"0\"><input type=\"hidden\" name=\"action\" value=\"forminator_submit_form_custom-forms\"><\/form><\/div>\n","protected":false},"excerpt":{"rendered":"<p>0676737010<\/p>\n","protected":false},"author":2,"featured_media":0,"parent":0,"menu_order":0,"comment_status":"closed","ping_status":"closed","template":"","meta":{"inline_featured_image":false,"footnotes":""},"class_list":["post-111","page","type-page","status-publish","hentry"],"_links":{"self":[{"href":"https:\/\/cereprog.fr\/index.php\/wp-json\/wp\/v2\/pages\/111","targetHints":{"allow":["GET"]}}],"collection":[{"href":"https:\/\/cereprog.fr\/index.php\/wp-json\/wp\/v2\/pages"}],"about":[{"href":"https:\/\/cereprog.fr\/index.php\/wp-json\/wp\/v2\/types\/page"}],"author":[{"embeddable":true,"href":"https:\/\/cereprog.fr\/index.php\/wp-json\/wp\/v2\/users\/2"}],"replies":[{"embeddable":true,"href":"https:\/\/cereprog.fr\/index.php\/wp-json\/wp\/v2\/comments?post=111"}],"version-history":[{"count":6,"href":"https:\/\/cereprog.fr\/index.php\/wp-json\/wp\/v2\/pages\/111\/revisions"}],"predecessor-version":[{"id":271,"href":"https:\/\/cereprog.fr\/index.php\/wp-json\/wp\/v2\/pages\/111\/revisions\/271"}],"wp:attachment":[{"href":"https:\/\/cereprog.fr\/index.php\/wp-json\/wp\/v2\/media?parent=111"}],"curies":[{"name":"wp","href":"https:\/\/api.w.org\/{rel}","templated":true}]}}