{"id":113,"date":"2024-09-15T19:40:41","date_gmt":"2024-09-15T17:40:41","guid":{"rendered":"https:\/\/cereprog.fr\/?page_id=113"},"modified":"2024-09-17T09:13:18","modified_gmt":"2024-09-17T07:13:18","slug":"faq","status":"publish","type":"page","link":"https:\/\/cereprog.fr\/index.php\/faq\/","title":{"rendered":"FAQ"},"content":{"rendered":"\n<p>Comment se d\u00e9roule la reprogrammation ?<\/p>\n\n\n\n<pre class=\"wp-block-code\"><code>La premi\u00e8re \u00e9tape consiste \u00e0 effectuer un diagnostic pour \u00e9valuer l\u2019\u00e9tat du v\u00e9hicule. Si n\u00e9cessaire, un essai routier peut \u00eatre fait avant la modification. Ensuite, je lis, modifie, et r\u00e9injecte la cartographie du calculateur. Apr\u00e8s cela, un nouvel essai routier est r\u00e9alis\u00e9 pour confirmer le bon fonctionnement de la modification. Pour finir, je fais un dernier diagnostic afin de v\u00e9rifier que la reprogrammation ne g\u00e9n\u00e8re aucun d\u00e9faut.<\/code><\/pre>\n\n\n\n<p>Est-ce possible de perdre la modification ?<\/p>\n\n\n\n<pre class=\"wp-block-code\"><code>La reprogrammation peut \u00eatre perdue si votre concessionnaire effectue une mise \u00e0 jour du calculateur suite \u00e0 une r\u00e9vision ou une campagne de rappel. Si cela se produit, nous pouvons r\u00e9injecter gratuitement votre cartographie modifi\u00e9e dans un d\u00e9lai de 3 ans apr\u00e8s la prestation, \u00e0 condition que vous fournissiez la facture.<\/code><\/pre>\n\n\n\n<p>Est-ce que l\u2019op\u00e9ration est sans risque pour le calculateur ?<\/p>\n\n\n\n<pre class=\"wp-block-code\"><code>Vous n\u2019avez aucun risque \u00e0 craindre. Je fais syst\u00e9matiquement une sauvegarde compl\u00e8te de la cartographie d\u2019origine, ce qui permet de r\u00e9tablir la configuration initiale en cas de besoin. Cependant, en cas de d\u00e9connexion pendant l\u2019\u00e9criture du calculateur, des probl\u00e8mes pourraient survenir.<\/code><\/pre>\n\n\n\n<p>Est-ce que c\u2019est l\u00e9gal ?<\/p>\n\n\n\n<pre class=\"wp-block-code\"><code>En France, la reprogrammation moteur est autoris\u00e9e \u00e0 condition qu\u2019elle respecte les normes environnementales, qu\u2019elle n\u2019affecte pas l\u2019homologation du v\u00e9hicule, et qu\u2019elle soit d\u00e9clar\u00e9e \u00e0 l\u2019assureur. La modification ne doit pas entra\u00eener une augmentation des \u00e9missions de polluants au-del\u00e0 des limites l\u00e9gales. Une reprogrammation non d\u00e9clar\u00e9e peut invalider l\u2019assurance et causer des soucis lors du contr\u00f4le technique. Certaines reprogrammations sont destin\u00e9es exclusivement \u00e0 un usage sur circuit.<\/code><\/pre>\n\n\n\n<p>Quels sont les pr\u00e9requis \u00e0 une reprogrammation ?<\/p>\n\n\n\n<pre class=\"wp-block-code\"><code>Nous n\u2019acceptons en reprogrammation performance que les v\u00e9hicules en bon \u00e9tat de fonctionnement, sans d\u00e9faut moteur. Il est \u00e9galement recommand\u00e9 de s\u2019assurer que l\u2019entretien du v\u00e9hicule est \u00e0 jour, en particulier pour les composants li\u00e9s \u00e0 l\u2019injection ou \u00e0 l\u2019allumage (comme les bougies, bobines, filtres \u00e0 essence, etc.). En cas de conversion \u00e0 l\u2019\u00e9thanol, un remplacement de la pompe \u00e0 essence sera n\u00e9cessaire et nous vous conseillerons sur les r\u00e9f\u00e9rences \u00e0 utiliser.<\/code><\/pre>\n\n\n\n<p><\/p>\n\n\n\n<p>Acceptez-vous la carte bancaire ?<\/p>\n\n\n\n<pre class=\"wp-block-code\"><code>Non, nous n\u2019acceptons pas encore les paiements par carte bancaire. Actuellement, vous pouvez payer en esp\u00e8ces, par ch\u00e8que ou par virement bancaire.<\/code><\/pre>\n\n\n\n<p><\/p>\n","protected":false},"excerpt":{"rendered":"<p>Comment se d\u00e9roule la reprogrammation ? Est-ce possible de perdre la modification ? Est-ce que l\u2019op\u00e9ration est sans risque pour le calculateur ? Est-ce que c\u2019est l\u00e9gal ? Quels sont les pr\u00e9requis \u00e0 une reprogrammation ? Acceptez-vous la carte bancaire ?<\/p>\n","protected":false},"author":2,"featured_media":0,"parent":0,"menu_order":0,"comment_status":"closed","ping_status":"closed","template":"","meta":{"inline_featured_image":false,"footnotes":""},"class_list":["post-113","page","type-page","status-publish","hentry"],"_links":{"self":[{"href":"https:\/\/cereprog.fr\/index.php\/wp-json\/wp\/v2\/pages\/113","targetHints":{"allow":["GET"]}}],"collection":[{"href":"https:\/\/cereprog.fr\/index.php\/wp-json\/wp\/v2\/pages"}],"about":[{"href":"https:\/\/cereprog.fr\/index.php\/wp-json\/wp\/v2\/types\/page"}],"author":[{"embeddable":true,"href":"https:\/\/cereprog.fr\/index.php\/wp-json\/wp\/v2\/users\/2"}],"replies":[{"embeddable":true,"href":"https:\/\/cereprog.fr\/index.php\/wp-json\/wp\/v2\/comments?post=113"}],"version-history":[{"count":2,"href":"https:\/\/cereprog.fr\/index.php\/wp-json\/wp\/v2\/pages\/113\/revisions"}],"predecessor-version":[{"id":153,"href":"https:\/\/cereprog.fr\/index.php\/wp-json\/wp\/v2\/pages\/113\/revisions\/153"}],"wp:attachment":[{"href":"https:\/\/cereprog.fr\/index.php\/wp-json\/wp\/v2\/media?parent=113"}],"curies":[{"name":"wp","href":"https:\/\/api.w.org\/{rel}","templated":true}]}}