{"id":175,"date":"2024-09-19T10:48:50","date_gmt":"2024-09-19T08:48:50","guid":{"rendered":"https:\/\/cereprog.fr\/?page_id=175"},"modified":"2024-09-27T09:04:01","modified_gmt":"2024-09-27T07:04:01","slug":"solutions","status":"publish","type":"page","link":"https:\/\/cereprog.fr\/index.php\/solutions\/","title":{"rendered":"Solutions"},"content":{"rendered":"\n<figure class=\"wp-block-image size-large is-style-default\"><img loading=\"lazy\" decoding=\"async\" width=\"1024\" height=\"292\" src=\"https:\/\/cereprog.fr\/wp-content\/uploads\/2024\/09\/icon-rendu-3d-graphique-tarte-montrant-distribution-richesse-dans-monde-icone-histoire-mignonne-informative-ransomware-3d_983055-27033-1-1024x292.jpg\" alt=\"\" class=\"wp-image-261\" srcset=\"https:\/\/cereprog.fr\/wp-content\/uploads\/2024\/09\/icon-rendu-3d-graphique-tarte-montrant-distribution-richesse-dans-monde-icone-histoire-mignonne-informative-ransomware-3d_983055-27033-1-1024x292.jpg 1024w, https:\/\/cereprog.fr\/wp-content\/uploads\/2024\/09\/icon-rendu-3d-graphique-tarte-montrant-distribution-richesse-dans-monde-icone-histoire-mignonne-informative-ransomware-3d_983055-27033-1-600x171.jpg 600w, https:\/\/cereprog.fr\/wp-content\/uploads\/2024\/09\/icon-rendu-3d-graphique-tarte-montrant-distribution-richesse-dans-monde-icone-histoire-mignonne-informative-ransomware-3d_983055-27033-1-300x86.jpg 300w, https:\/\/cereprog.fr\/wp-content\/uploads\/2024\/09\/icon-rendu-3d-graphique-tarte-montrant-distribution-richesse-dans-monde-icone-histoire-mignonne-informative-ransomware-3d_983055-27033-1-768x219.jpg 768w, https:\/\/cereprog.fr\/wp-content\/uploads\/2024\/09\/icon-rendu-3d-graphique-tarte-montrant-distribution-richesse-dans-monde-icone-histoire-mignonne-informative-ransomware-3d_983055-27033-1.jpg 1380w\" sizes=\"auto, (max-width: 1024px) 100vw, 1024px\" \/><\/figure>\n\n\n\n<p>Nos Solutions de Reprogrammation Moteur<\/p>\n\n\n\n<p>Chez CE REPROG, nous vous offrons des solutions compl\u00e8tes et personnalis\u00e9es pour optimiser les performances de votre v\u00e9hicule et am\u00e9liorer votre exp\u00e9rience de conduite. Nos services de reprogrammation moteur permettent de r\u00e9soudre une multitude de probl\u00e9matiques li\u00e9es aux syst\u00e8mes de gestion moteur. Voici ce que nous proposons :<\/p>\n\n\n\n<h4 class=\"wp-block-heading\">Limiteur de Vitesse (Vmax)<\/h4>\n\n\n\n<figure class=\"wp-block-image size-full is-resized\"><img loading=\"lazy\" decoding=\"async\" width=\"996\" height=\"664\" src=\"https:\/\/cereprog.fr\/wp-content\/uploads\/2024\/09\/vue-rapprochee-indicateur-niveau-carburant-dans-vehicule_23-2150163655.jpg\" alt=\"\" class=\"wp-image-254\" style=\"width:338px;height:auto\" srcset=\"https:\/\/cereprog.fr\/wp-content\/uploads\/2024\/09\/vue-rapprochee-indicateur-niveau-carburant-dans-vehicule_23-2150163655.jpg 996w, https:\/\/cereprog.fr\/wp-content\/uploads\/2024\/09\/vue-rapprochee-indicateur-niveau-carburant-dans-vehicule_23-2150163655-600x400.jpg 600w, https:\/\/cereprog.fr\/wp-content\/uploads\/2024\/09\/vue-rapprochee-indicateur-niveau-carburant-dans-vehicule_23-2150163655-300x200.jpg 300w, https:\/\/cereprog.fr\/wp-content\/uploads\/2024\/09\/vue-rapprochee-indicateur-niveau-carburant-dans-vehicule_23-2150163655-768x512.jpg 768w\" sizes=\"auto, (max-width: 996px) 100vw, 996px\" \/><\/figure>\n\n\n\n<p>Vous souhaitez supprimer ou ajuster la limitation de vitesse impos\u00e9e par le constructeur ? Nous reprogrammons votre v\u00e9hicule pour lever cette restriction, vous permettant ainsi de profiter pleinement des capacit\u00e9s de votre moteur.<\/p>\n\n\n\n<h4 class=\"wp-block-heading\">Codes D\u00e9faut (DTC)<\/h4>\n\n\n\n<figure class=\"wp-block-image size-large is-resized\"><img loading=\"lazy\" decoding=\"async\" width=\"1024\" height=\"685\" src=\"https:\/\/cereprog.fr\/wp-content\/uploads\/2024\/09\/dtc-off-1-1024x685.jpg\" alt=\"\" class=\"wp-image-272\" style=\"width:339px;height:auto\" srcset=\"https:\/\/cereprog.fr\/wp-content\/uploads\/2024\/09\/dtc-off-1-1024x685.jpg 1024w, https:\/\/cereprog.fr\/wp-content\/uploads\/2024\/09\/dtc-off-1-600x401.jpg 600w, https:\/\/cereprog.fr\/wp-content\/uploads\/2024\/09\/dtc-off-1-300x201.jpg 300w, https:\/\/cereprog.fr\/wp-content\/uploads\/2024\/09\/dtc-off-1-768x513.jpg 768w, https:\/\/cereprog.fr\/wp-content\/uploads\/2024\/09\/dtc-off-1.jpg 1032w\" sizes=\"auto, (max-width: 1024px) 100vw, 1024px\" \/><\/figure>\n\n\n\n<p>Nous intervenons pour diagnostiquer et corriger les d\u00e9fauts d\u00e9tect\u00e9s par l&rsquo;unit\u00e9 de commande moteur (ECU). Gr\u00e2ce \u00e0 notre expertise, nous pouvons d\u00e9sactiver certains codes d\u00e9faut r\u00e9currents ou non pertinents, vous \u00e9vitant ainsi des alertes inutiles.<\/p>\n\n\n\n<h4 class=\"wp-block-heading\">Filtre \u00e0 Particules (DPF)<\/h4>\n\n\n\n<figure class=\"wp-block-image size-full is-resized\"><img loading=\"lazy\" decoding=\"async\" width=\"800\" height=\"495\" src=\"https:\/\/cereprog.fr\/wp-content\/uploads\/2024\/09\/DPF-Filter-Removal-1.jpg\" alt=\"\" class=\"wp-image-256\" style=\"width:338px;height:auto\" srcset=\"https:\/\/cereprog.fr\/wp-content\/uploads\/2024\/09\/DPF-Filter-Removal-1.jpg 800w, https:\/\/cereprog.fr\/wp-content\/uploads\/2024\/09\/DPF-Filter-Removal-1-600x371.jpg 600w, https:\/\/cereprog.fr\/wp-content\/uploads\/2024\/09\/DPF-Filter-Removal-1-300x186.jpg 300w, https:\/\/cereprog.fr\/wp-content\/uploads\/2024\/09\/DPF-Filter-Removal-1-768x475.jpg 768w\" sizes=\"auto, (max-width: 800px) 100vw, 800px\" \/><\/figure>\n\n\n\n<p>Le filtre \u00e0 particules peut entra\u00eener des probl\u00e8mes d\u2019encrassement ou de r\u00e9g\u00e9n\u00e9ration inefficace. Nous proposons des solutions de suppression ou d\u2019optimisation du DPF pour garantir une meilleure performance et \u00e9viter des r\u00e9parations co\u00fbteuses.<\/p>\n\n\n\n<h4 class=\"wp-block-heading\">Vanne EGR<\/h4>\n\n\n\n<figure class=\"wp-block-image size-large is-resized\"><img loading=\"lazy\" decoding=\"async\" width=\"1024\" height=\"1024\" src=\"https:\/\/cereprog.fr\/wp-content\/uploads\/2024\/09\/h-preview-1024x1024.jpg\" alt=\"\" class=\"wp-image-257\" style=\"width:338px;height:auto\" srcset=\"https:\/\/cereprog.fr\/wp-content\/uploads\/2024\/09\/h-preview-1024x1024.jpg 1024w, https:\/\/cereprog.fr\/wp-content\/uploads\/2024\/09\/h-preview-300x300.jpg 300w, https:\/\/cereprog.fr\/wp-content\/uploads\/2024\/09\/h-preview-100x100.jpg 100w, https:\/\/cereprog.fr\/wp-content\/uploads\/2024\/09\/h-preview-600x600.jpg 600w, https:\/\/cereprog.fr\/wp-content\/uploads\/2024\/09\/h-preview-150x150.jpg 150w, https:\/\/cereprog.fr\/wp-content\/uploads\/2024\/09\/h-preview-768x768.jpg 768w, https:\/\/cereprog.fr\/wp-content\/uploads\/2024\/09\/h-preview-1536x1536.jpg 1536w, https:\/\/cereprog.fr\/wp-content\/uploads\/2024\/09\/h-preview.jpg 2000w\" sizes=\"auto, (max-width: 1024px) 100vw, 1024px\" \/><\/figure>\n\n\n\n<p>La vanne EGR est souvent source d\u2019accumulation de suie, r\u00e9duisant ainsi l\u2019efficacit\u00e9 du moteur. Nous proposons des solutions pour d\u00e9sactiver ou optimiser ce syst\u00e8me afin d&rsquo;\u00e9viter ces probl\u00e8mes tout en respectant les normes de pollution.<\/p>\n\n\n\n<h4 class=\"wp-block-heading\">Clapet TVA<\/h4>\n\n\n\n<figure class=\"wp-block-image size-full is-resized\"><img loading=\"lazy\" decoding=\"async\" width=\"247\" height=\"296\" src=\"https:\/\/cereprog.fr\/wp-content\/uploads\/2024\/09\/Tva-Off-Bmw-Bosch-Edc16cp35-extra-big-4212-247x296-1.jpg\" alt=\"\" class=\"wp-image-258\" style=\"width:215px;height:auto\"\/><\/figure>\n\n\n\n<p>Nous assurons la gestion du clapet TVA (Throttle Valve Actuator) pour am\u00e9liorer le flux d&rsquo;air dans votre moteur et maximiser ses performances.<\/p>\n\n\n\n<h4 class=\"wp-block-heading\">Sonde Lambda<\/h4>\n\n\n\n<figure class=\"wp-block-image size-full is-resized\"><img loading=\"lazy\" decoding=\"async\" width=\"512\" height=\"307\" src=\"https:\/\/cereprog.fr\/wp-content\/uploads\/2024\/09\/unnamed-1.jpg\" alt=\"\" class=\"wp-image-250\" style=\"width:325px;height:auto\" srcset=\"https:\/\/cereprog.fr\/wp-content\/uploads\/2024\/09\/unnamed-1.jpg 512w, https:\/\/cereprog.fr\/wp-content\/uploads\/2024\/09\/unnamed-1-300x180.jpg 300w\" sizes=\"auto, (max-width: 512px) 100vw, 512px\" \/><\/figure>\n\n\n\n<p>Un dysfonctionnement de la sonde lambda peut causer des m\u00e9langes air\/carburant incorrects. Nous offrons des solutions pour d\u00e9sactiver , am\u00e9liorant ainsi la combustion et r\u00e9duisant la consommation de carburant.<\/p>\n\n\n\n<h4 class=\"wp-block-heading\">Volets d\u2019Admission (FLAPS)<\/h4>\n\n\n\n<figure class=\"wp-block-image size-full is-resized\"><img loading=\"lazy\" decoding=\"async\" width=\"600\" height=\"450\" src=\"https:\/\/cereprog.fr\/wp-content\/uploads\/2024\/09\/s-l1200.jpg\" alt=\"\" class=\"wp-image-247\" style=\"width:339px;height:auto\" srcset=\"https:\/\/cereprog.fr\/wp-content\/uploads\/2024\/09\/s-l1200.jpg 600w, https:\/\/cereprog.fr\/wp-content\/uploads\/2024\/09\/s-l1200-300x225.jpg 300w\" sizes=\"auto, (max-width: 600px) 100vw, 600px\" \/><\/figure>\n\n\n\n<p>Les volets d&rsquo;admission d\u00e9fectueux peuvent causer une perte de puissance ou des rat\u00e9s. Nous intervenons pour supprimer ou reprogrammer ces volets, optimisant ainsi le flux d\u2019air et la performance du moteur.<\/p>\n\n\n\n<h4 class=\"wp-block-heading\">Syst\u00e8me Start\/Stop<\/h4>\n\n\n\n<figure class=\"wp-block-image size-full is-resized\"><img loading=\"lazy\" decoding=\"async\" width=\"996\" height=\"659\" src=\"https:\/\/cereprog.fr\/wp-content\/uploads\/2024\/09\/demarrer-arreter-illustration-du-bouton-allumage-du-moteur-voiture_33099-750.jpg\" alt=\"\" class=\"wp-image-245\" style=\"width:340px;height:auto\" srcset=\"https:\/\/cereprog.fr\/wp-content\/uploads\/2024\/09\/demarrer-arreter-illustration-du-bouton-allumage-du-moteur-voiture_33099-750.jpg 996w, https:\/\/cereprog.fr\/wp-content\/uploads\/2024\/09\/demarrer-arreter-illustration-du-bouton-allumage-du-moteur-voiture_33099-750-600x397.jpg 600w, https:\/\/cereprog.fr\/wp-content\/uploads\/2024\/09\/demarrer-arreter-illustration-du-bouton-allumage-du-moteur-voiture_33099-750-300x198.jpg 300w, https:\/\/cereprog.fr\/wp-content\/uploads\/2024\/09\/demarrer-arreter-illustration-du-bouton-allumage-du-moteur-voiture_33099-750-768x508.jpg 768w\" sizes=\"auto, (max-width: 996px) 100vw, 996px\" \/><\/figure>\n\n\n\n<p>Le syst\u00e8me Start\/Stop, bien que con\u00e7u pour \u00e9conomiser du carburant, peut \u00eatre g\u00eanant dans certaines conditions de conduite. Nous offrons des solutions pour d\u00e9sactiver cette fonctionnalit\u00e9 si vous le souhaitez.<\/p>\n\n\n\n<h4 class=\"wp-block-heading\">Syst\u00e8me ADBLUE<\/h4>\n\n\n\n<figure class=\"wp-block-image size-full is-resized\"><img loading=\"lazy\" decoding=\"async\" width=\"1024\" height=\"1024\" src=\"https:\/\/cereprog.fr\/wp-content\/uploads\/2024\/09\/65bfe3_0fc563c8a0174a4fbcc4097a9297f8d1mv2-1.jpg\" alt=\"\" class=\"wp-image-246\" style=\"width:339px;height:auto\" srcset=\"https:\/\/cereprog.fr\/wp-content\/uploads\/2024\/09\/65bfe3_0fc563c8a0174a4fbcc4097a9297f8d1mv2-1.jpg 1024w, https:\/\/cereprog.fr\/wp-content\/uploads\/2024\/09\/65bfe3_0fc563c8a0174a4fbcc4097a9297f8d1mv2-1-300x300.jpg 300w, https:\/\/cereprog.fr\/wp-content\/uploads\/2024\/09\/65bfe3_0fc563c8a0174a4fbcc4097a9297f8d1mv2-1-100x100.jpg 100w, https:\/\/cereprog.fr\/wp-content\/uploads\/2024\/09\/65bfe3_0fc563c8a0174a4fbcc4097a9297f8d1mv2-1-600x600.jpg 600w, https:\/\/cereprog.fr\/wp-content\/uploads\/2024\/09\/65bfe3_0fc563c8a0174a4fbcc4097a9297f8d1mv2-1-150x150.jpg 150w, https:\/\/cereprog.fr\/wp-content\/uploads\/2024\/09\/65bfe3_0fc563c8a0174a4fbcc4097a9297f8d1mv2-1-768x768.jpg 768w\" sizes=\"auto, (max-width: 1024px) 100vw, 1024px\" \/><\/figure>\n\n\n\n<p>Le syst\u00e8me ADBLUE, destin\u00e9 \u00e0 r\u00e9duire les \u00e9missions polluantes, peut parfois poser des probl\u00e8mes de maintenance. Nous proposons des solutions de suppression ou de recalibrage pour garantir le bon fonctionnement du v\u00e9hicule tout en respectant les normes environnementales.<\/p>\n\n\n\n<h4 class=\"wp-block-heading\">Catalyseur (D\u00e9catalyseur)<\/h4>\n\n\n\n<figure class=\"wp-block-image size-full is-resized\"><img loading=\"lazy\" decoding=\"async\" width=\"996\" height=\"664\" src=\"https:\/\/cereprog.fr\/wp-content\/uploads\/2024\/09\/pot-cata.jpg\" alt=\"\" class=\"wp-image-244\" style=\"width:338px;height:auto\" srcset=\"https:\/\/cereprog.fr\/wp-content\/uploads\/2024\/09\/pot-cata.jpg 996w, https:\/\/cereprog.fr\/wp-content\/uploads\/2024\/09\/pot-cata-600x400.jpg 600w, https:\/\/cereprog.fr\/wp-content\/uploads\/2024\/09\/pot-cata-300x200.jpg 300w, https:\/\/cereprog.fr\/wp-content\/uploads\/2024\/09\/pot-cata-768x512.jpg 768w\" sizes=\"auto, (max-width: 996px) 100vw, 996px\" \/><\/figure>\n\n\n\n<p>Pour une meilleure performance moteur, nous offrons des solutions de suppression du catalyseur, aussi appel\u00e9 d\u00e9catalyseur, tout en veillant \u00e0 rester conforme aux exigences locales en mati\u00e8re d&rsquo;\u00e9missions.<\/p>\n\n\n\n<hr class=\"wp-block-separator has-alpha-channel-opacity\"\/>\n\n\n\n<p>N\u2019h\u00e9sitez pas \u00e0 nous contacter pour discuter de vos besoins sp\u00e9cifiques. Nos experts se tiennent \u00e0 votre disposition pour vous conseiller et vous fournir une solution de reprogrammation moteur adapt\u00e9e \u00e0 votre v\u00e9hicule.<\/p>\n","protected":false},"excerpt":{"rendered":"<p>Nos Solutions de Reprogrammation Moteur Chez CE REPROG, nous vous offrons des solutions compl\u00e8tes et personnalis\u00e9es pour optimiser les performances de votre v\u00e9hicule et am\u00e9liorer votre exp\u00e9rience de conduite. Nos services de reprogrammation moteur permettent de r\u00e9soudre une multitude de probl\u00e9matiques li\u00e9es aux syst\u00e8mes de gestion moteur. Voici ce que nous proposons : Limiteur de [&hellip;]<\/p>\n","protected":false},"author":2,"featured_media":0,"parent":0,"menu_order":0,"comment_status":"closed","ping_status":"closed","template":"","meta":{"inline_featured_image":false,"footnotes":""},"class_list":["post-175","page","type-page","status-publish","hentry"],"_links":{"self":[{"href":"https:\/\/cereprog.fr\/index.php\/wp-json\/wp\/v2\/pages\/175","targetHints":{"allow":["GET"]}}],"collection":[{"href":"https:\/\/cereprog.fr\/index.php\/wp-json\/wp\/v2\/pages"}],"about":[{"href":"https:\/\/cereprog.fr\/index.php\/wp-json\/wp\/v2\/types\/page"}],"author":[{"embeddable":true,"href":"https:\/\/cereprog.fr\/index.php\/wp-json\/wp\/v2\/users\/2"}],"replies":[{"embeddable":true,"href":"https:\/\/cereprog.fr\/index.php\/wp-json\/wp\/v2\/comments?post=175"}],"version-history":[{"count":10,"href":"https:\/\/cereprog.fr\/index.php\/wp-json\/wp\/v2\/pages\/175\/revisions"}],"predecessor-version":[{"id":273,"href":"https:\/\/cereprog.fr\/index.php\/wp-json\/wp\/v2\/pages\/175\/revisions\/273"}],"wp:attachment":[{"href":"https:\/\/cereprog.fr\/index.php\/wp-json\/wp\/v2\/media?parent=175"}],"curies":[{"name":"wp","href":"https:\/\/api.w.org\/{rel}","templated":true}]}}